{"id":8,"date":"2019-10-17T10:10:15","date_gmt":"2019-10-17T08:10:15","guid":{"rendered":"https:\/\/dkrs.eu\/?page_id=8"},"modified":"2025-01-31T15:29:34","modified_gmt":"2025-01-31T14:29:34","slug":"uvod","status":"publish","type":"page","link":"https:\/\/dkrs.eu\/sk\/","title":{"rendered":"DK Recruitment Services &#8211; ponuka pr\u00e1ce"},"content":{"rendered":"","protected":false},"excerpt":{"rendered":"","protected":false},"author":1,"featured_media":0,"parent":0,"menu_order":0,"comment_status":"closed","ping_status":"closed","template":"","meta":{"_acf_changed":false,"inline_featured_image":false,"footnotes":""},"class_list":["post-8","page","type-page","status-publish","hentry"],"acf":[],"yoast_head":"<!-- This site is optimized with the Yoast SEO plugin v27.4 - https:\/\/yoast.com\/product\/yoast-seo-wordpress\/ -->\n<title>DK Recruitment Services - ponuka pr\u00e1ce<\/title>\n<meta name=\"description\" content=\"DK Recruitment Services - ponuka pr\u00e1ce v zahrani\u010d\u00ed a\u00a0na Slovensku. Na\u0161li sme pr\u00e1cu vy\u0161e 1500 uch\u00e1dza\u010dom u 150 zamestn\u00e1vate\u013eov. N\u00e1jdeme ju aj v\u00e1m!\" \/>\n<meta name=\"robots\" content=\"index, follow, max-snippet:-1, max-image-preview:large, max-video-preview:-1\" \/>\n<link rel=\"canonical\" href=\"https:\/\/dkrs.eu\/sk\/\" \/>\n<meta property=\"og:locale\" content=\"sk_SK\" \/>\n<meta property=\"og:type\" content=\"article\" \/>\n<meta property=\"og:title\" content=\"DK Recruitment Services - ponuka pr\u00e1ce\" \/>\n<meta property=\"og:description\" content=\"DK Recruitment Services - ponuka pr\u00e1ce v zahrani\u010d\u00ed a\u00a0na Slovensku. Na\u0161li sme pr\u00e1cu vy\u0161e 1500 uch\u00e1dza\u010dom u 150 zamestn\u00e1vate\u013eov. N\u00e1jdeme ju aj v\u00e1m!\" \/>\n<meta property=\"og:url\" content=\"https:\/\/dkrs.eu\/sk\/\" \/>\n<meta property=\"og:site_name\" content=\"DK Recruitment Services\" \/>\n<meta property=\"article:modified_time\" content=\"2025-01-31T14:29:34+00:00\" \/>\n<meta name=\"twitter:card\" content=\"summary_large_image\" \/>\n<meta name=\"twitter:label1\" content=\"Predpokladan\u00fd \u010das \u010d\u00edtania\" \/>\n\t<meta name=\"twitter:data1\" content=\"2 min\u00faty\" \/>\n<script type=\"application\/ld+json\" class=\"yoast-schema-graph\">{\"@context\":\"https:\\\/\\\/schema.org\",\"@graph\":[{\"@type\":\"WebPage\",\"@id\":\"https:\\\/\\\/dkrs.eu\\\/sk\\\/\",\"url\":\"https:\\\/\\\/dkrs.eu\\\/sk\\\/\",\"name\":\"DK Recruitment Services - ponuka pr\u00e1ce\",\"isPartOf\":{\"@id\":\"https:\\\/\\\/dkrs.eu\\\/sk\\\/#website\"},\"datePublished\":\"2019-10-17T08:10:15+00:00\",\"dateModified\":\"2025-01-31T14:29:34+00:00\",\"description\":\"DK Recruitment Services - ponuka pr\u00e1ce v zahrani\u010d\u00ed a\u00a0na Slovensku. Na\u0161li sme pr\u00e1cu vy\u0161e 1500 uch\u00e1dza\u010dom u 150 zamestn\u00e1vate\u013eov. N\u00e1jdeme ju aj v\u00e1m!\",\"breadcrumb\":{\"@id\":\"https:\\\/\\\/dkrs.eu\\\/sk\\\/#breadcrumb\"},\"inLanguage\":\"sk-SK\",\"potentialAction\":[{\"@type\":\"ReadAction\",\"target\":[\"https:\\\/\\\/dkrs.eu\\\/sk\\\/\"]}]},{\"@type\":\"BreadcrumbList\",\"@id\":\"https:\\\/\\\/dkrs.eu\\\/sk\\\/#breadcrumb\",\"itemListElement\":[{\"@type\":\"ListItem\",\"position\":1,\"name\":\"Home\",\"item\":\"https:\\\/\\\/dkrs.eu\\\/sk\\\/\"},{\"@type\":\"ListItem\",\"position\":2,\"name\":\"DK Recruitment Services &#8211; ponuka pr\u00e1ce\"}]},{\"@type\":\"WebSite\",\"@id\":\"https:\\\/\\\/dkrs.eu\\\/sk\\\/#website\",\"url\":\"https:\\\/\\\/dkrs.eu\\\/sk\\\/\",\"name\":\"DK Recruitment Services\",\"description\":\"Your personnel choice...\",\"potentialAction\":[{\"@type\":\"SearchAction\",\"target\":{\"@type\":\"EntryPoint\",\"urlTemplate\":\"https:\\\/\\\/dkrs.eu\\\/sk\\\/?s={search_term_string}\"},\"query-input\":{\"@type\":\"PropertyValueSpecification\",\"valueRequired\":true,\"valueName\":\"search_term_string\"}}],\"inLanguage\":\"sk-SK\"}]}<\/script>\n<!-- \/ Yoast SEO plugin. -->","yoast_head_json":{"title":"DK Recruitment Services - ponuka pr\u00e1ce","description":"DK Recruitment Services - ponuka pr\u00e1ce v zahrani\u010d\u00ed a\u00a0na Slovensku. Na\u0161li sme pr\u00e1cu vy\u0161e 1500 uch\u00e1dza\u010dom u 150 zamestn\u00e1vate\u013eov. N\u00e1jdeme ju aj v\u00e1m!","robots":{"index":"index","follow":"follow","max-snippet":"max-snippet:-1","max-image-preview":"max-image-preview:large","max-video-preview":"max-video-preview:-1"},"canonical":"https:\/\/dkrs.eu\/sk\/","og_locale":"sk_SK","og_type":"article","og_title":"DK Recruitment Services - ponuka pr\u00e1ce","og_description":"DK Recruitment Services - ponuka pr\u00e1ce v zahrani\u010d\u00ed a\u00a0na Slovensku. Na\u0161li sme pr\u00e1cu vy\u0161e 1500 uch\u00e1dza\u010dom u 150 zamestn\u00e1vate\u013eov. N\u00e1jdeme ju aj v\u00e1m!","og_url":"https:\/\/dkrs.eu\/sk\/","og_site_name":"DK Recruitment Services","article_modified_time":"2025-01-31T14:29:34+00:00","twitter_card":"summary_large_image","twitter_misc":{"Predpokladan\u00fd \u010das \u010d\u00edtania":"2 min\u00faty"},"schema":{"@context":"https:\/\/schema.org","@graph":[{"@type":"WebPage","@id":"https:\/\/dkrs.eu\/sk\/","url":"https:\/\/dkrs.eu\/sk\/","name":"DK Recruitment Services - ponuka pr\u00e1ce","isPartOf":{"@id":"https:\/\/dkrs.eu\/sk\/#website"},"datePublished":"2019-10-17T08:10:15+00:00","dateModified":"2025-01-31T14:29:34+00:00","description":"DK Recruitment Services - ponuka pr\u00e1ce v zahrani\u010d\u00ed a\u00a0na Slovensku. Na\u0161li sme pr\u00e1cu vy\u0161e 1500 uch\u00e1dza\u010dom u 150 zamestn\u00e1vate\u013eov. N\u00e1jdeme ju aj v\u00e1m!","breadcrumb":{"@id":"https:\/\/dkrs.eu\/sk\/#breadcrumb"},"inLanguage":"sk-SK","potentialAction":[{"@type":"ReadAction","target":["https:\/\/dkrs.eu\/sk\/"]}]},{"@type":"BreadcrumbList","@id":"https:\/\/dkrs.eu\/sk\/#breadcrumb","itemListElement":[{"@type":"ListItem","position":1,"name":"Home","item":"https:\/\/dkrs.eu\/sk\/"},{"@type":"ListItem","position":2,"name":"DK Recruitment Services &#8211; ponuka pr\u00e1ce"}]},{"@type":"WebSite","@id":"https:\/\/dkrs.eu\/sk\/#website","url":"https:\/\/dkrs.eu\/sk\/","name":"DK Recruitment Services","description":"Your personnel choice...","potentialAction":[{"@type":"SearchAction","target":{"@type":"EntryPoint","urlTemplate":"https:\/\/dkrs.eu\/sk\/?s={search_term_string}"},"query-input":{"@type":"PropertyValueSpecification","valueRequired":true,"valueName":"search_term_string"}}],"inLanguage":"sk-SK"}]}},"_links":{"self":[{"href":"https:\/\/dkrs.eu\/sk\/wp-json\/wp\/v2\/pages\/8","targetHints":{"allow":["GET"]}}],"collection":[{"href":"https:\/\/dkrs.eu\/sk\/wp-json\/wp\/v2\/pages"}],"about":[{"href":"https:\/\/dkrs.eu\/sk\/wp-json\/wp\/v2\/types\/page"}],"author":[{"embeddable":true,"href":"https:\/\/dkrs.eu\/sk\/wp-json\/wp\/v2\/users\/1"}],"replies":[{"embeddable":true,"href":"https:\/\/dkrs.eu\/sk\/wp-json\/wp\/v2\/comments?post=8"}],"version-history":[{"count":48,"href":"https:\/\/dkrs.eu\/sk\/wp-json\/wp\/v2\/pages\/8\/revisions"}],"predecessor-version":[{"id":5489,"href":"https:\/\/dkrs.eu\/sk\/wp-json\/wp\/v2\/pages\/8\/revisions\/5489"}],"wp:attachment":[{"href":"https:\/\/dkrs.eu\/sk\/wp-json\/wp\/v2\/media?parent=8"}],"curies":[{"name":"wp","href":"https:\/\/api.w.org\/{rel}","templated":true}]}}